{"id":38,"date":"2023-03-15T09:09:49","date_gmt":"2023-03-15T09:09:49","guid":{"rendered":"https:\/\/edificiobrown.com.ar\/?page_id=38"},"modified":"2025-12-28T22:45:55","modified_gmt":"2025-12-29T01:45:55","slug":"area-pileta-climatizada","status":"publish","type":"page","link":"https:\/\/edificiobrown.com.ar\/en\/area-pileta-climatizada\/","title":{"rendered":"Area pileta climatizada"},"content":{"rendered":"<div data-elementor-type=\"wp-page\" data-elementor-id=\"38\" class=\"elementor elementor-38\" data-elementor-post-type=\"page\">\n\t\t\t\t<div class=\"elementor-element elementor-element-e442599 e-flex e-con-boxed e-con e-parent\" data-id=\"e442599\" data-element_type=\"container\" data-settings=\"{&quot;background_background&quot;:&quot;slideshow&quot;,&quot;background_slideshow_gallery&quot;:[{&quot;id&quot;:1389,&quot;url&quot;:&quot;http:\\\/\\\/edificiobrown.com.ar\\\/wp-content\\\/uploads\\\/2023\\\/03\\\/20230324_160833-scaled.jpg&quot;}],&quot;background_slideshow_loop&quot;:&quot;yes&quot;,&quot;background_slideshow_slide_duration&quot;:5000,&quot;background_slideshow_slide_transition&quot;:&quot;fade&quot;,&quot;background_slideshow_transition_duration&quot;:500}\">\n\t\t\t\t\t<div class=\"e-con-inner\">\n\t\t\t\t<div class=\"elementor-element elementor-element-4f7420b elementor-widget-laptop__width-initial elementor-widget elementor-widget-heading\" data-id=\"4f7420b\" data-element_type=\"widget\" data-widget_type=\"heading.default\">\n\t\t\t\t<div class=\"elementor-widget-container\">\n\t\t\t\t\t<h2 class=\"elementor-heading-title elementor-size-default\">Heated pool<\/h2>\t\t\t\t<\/div>\n\t\t\t\t<\/div>\n\t\t\t\t\t<\/div>\n\t\t\t\t<\/div>\n\t\t<div class=\"elementor-element elementor-element-0860966 e-flex e-con-boxed elementor-invisible e-con e-parent\" data-id=\"0860966\" data-element_type=\"container\" data-settings=\"{&quot;animation&quot;:&quot;fadeIn&quot;}\">\n\t\t\t\t\t<div class=\"e-con-inner\">\n\t\t<div class=\"elementor-element elementor-element-3712608 e-con-full e-flex e-con e-child\" data-id=\"3712608\" data-element_type=\"container\">\n\t\t\t\t<div class=\"elementor-element elementor-element-89933f2 elementor-widget elementor-widget-image\" data-id=\"89933f2\" data-element_type=\"widget\" data-widget_type=\"image.default\">\n\t\t\t\t<div class=\"elementor-widget-container\">\n\t\t\t\t\t\t\t\t\t\t\t\t\t\t\t<img fetchpriority=\"high\" decoding=\"async\" width=\"800\" height=\"600\" src=\"https:\/\/edificiobrown.com.ar\/wp-content\/uploads\/2023\/03\/20221224_170602-1024x768.jpg\" class=\"attachment-large size-large wp-image-133\" alt=\"\" srcset=\"https:\/\/edificiobrown.com.ar\/wp-content\/uploads\/2023\/03\/20221224_170602-1024x768.jpg 1024w, https:\/\/edificiobrown.com.ar\/wp-content\/uploads\/2023\/03\/20221224_170602-300x225.jpg 300w, https:\/\/edificiobrown.com.ar\/wp-content\/uploads\/2023\/03\/20221224_170602-768x576.jpg 768w, https:\/\/edificiobrown.com.ar\/wp-content\/uploads\/2023\/03\/20221224_170602-1536x1152.jpg 1536w, https:\/\/edificiobrown.com.ar\/wp-content\/uploads\/2023\/03\/20221224_170602-2048x1536.jpg 2048w\" sizes=\"(max-width: 800px) 100vw, 800px\" \/>\t\t\t\t\t\t\t\t\t\t\t\t\t\t\t<\/div>\n\t\t\t\t<\/div>\n\t\t\t\t<\/div>\n\t\t<div class=\"elementor-element elementor-element-9a95148 e-con-full e-flex e-con e-child\" data-id=\"9a95148\" data-element_type=\"container\">\n\t\t\t\t<div class=\"elementor-element elementor-element-aa68951 elementor-widget-laptop__width-initial elementor-widget elementor-widget-heading\" data-id=\"aa68951\" data-element_type=\"widget\" data-widget_type=\"heading.default\">\n\t\t\t\t<div class=\"elementor-widget-container\">\n\t\t\t\t\t<h3 class=\"elementor-heading-title elementor-size-default\">Ven\u00ed a disfrutar de nuestra pileta<\/h3>\t\t\t\t<\/div>\n\t\t\t\t<\/div>\n\t\t\t\t<div class=\"elementor-element elementor-element-d363c65 elementor-widget-laptop__width-initial elementor-widget__width-initial elementor-widget elementor-widget-heading\" data-id=\"d363c65\" data-element_type=\"widget\" data-widget_type=\"heading.default\">\n\t\t\t\t<div class=\"elementor-widget-container\">\n\t\t\t\t\t<h5 class=\"elementor-heading-title elementor-size-default\">We have a seasonal indoor room with a heated swimming pool among other facilities opened on certain days and times; these services are included in the daily rate. <br><br>\n<b>For futher information you can contact us, our wattsapp number is 2314 502865. <\/b><b>contactese <\/b><b><br><\/b><\/h5>\t\t\t\t<\/div>\n\t\t\t\t<\/div>\n\t\t\t\t<div class=\"elementor-element elementor-element-fbe88a9 elementor-widget-laptop__width-initial elementor-tablet-align-left elementor-mobile-align-center elementor-widget elementor-widget-button\" data-id=\"fbe88a9\" data-element_type=\"widget\" data-widget_type=\"button.default\">\n\t\t\t\t<div class=\"elementor-widget-container\">\n\t\t\t\t\t\t\t\t\t<div class=\"elementor-button-wrapper\">\n\t\t\t\t\t<a class=\"elementor-button elementor-button-link elementor-size-sm\" href=\"tel:2314502865\">\n\t\t\t\t\t\t<span class=\"elementor-button-content-wrapper\">\n\t\t\t\t\t\t\t\t\t<span class=\"elementor-button-text\">Call us<\/span>\n\t\t\t\t\t<\/span>\n\t\t\t\t\t<\/a>\n\t\t\t\t<\/div>\n\t\t\t\t\t\t\t\t<\/div>\n\t\t\t\t<\/div>\n\t\t\t\t<\/div>\n\t\t\t\t\t<\/div>\n\t\t\t\t<\/div>\n\t\t\t\t<\/div>","protected":false},"excerpt":{"rendered":"<p>Pileta climatizada Ven\u00ed a disfrutar de nuestra pileta Contamos con un espacio cubierto de temporada con pileta climatizada entre otros servicios abierto en determinados d\u00edas y horarios; estos servicios se encuentran incluidos en la tarifa diaria. Para m\u00e1s informaci\u00f3n contactese con nosotros Llamenos<\/p>","protected":false},"author":1,"featured_media":0,"parent":0,"menu_order":0,"comment_status":"closed","ping_status":"closed","template":"","meta":{"_acf_changed":false,"_joinchat":[],"footnotes":""},"class_list":["post-38","page","type-page","status-publish","hentry"],"acf":[],"_links":{"self":[{"href":"https:\/\/edificiobrown.com.ar\/en\/wp-json\/wp\/v2\/pages\/38","targetHints":{"allow":["GET"]}}],"collection":[{"href":"https:\/\/edificiobrown.com.ar\/en\/wp-json\/wp\/v2\/pages"}],"about":[{"href":"https:\/\/edificiobrown.com.ar\/en\/wp-json\/wp\/v2\/types\/page"}],"author":[{"embeddable":true,"href":"https:\/\/edificiobrown.com.ar\/en\/wp-json\/wp\/v2\/users\/1"}],"replies":[{"embeddable":true,"href":"https:\/\/edificiobrown.com.ar\/en\/wp-json\/wp\/v2\/comments?post=38"}],"version-history":[{"count":3,"href":"https:\/\/edificiobrown.com.ar\/en\/wp-json\/wp\/v2\/pages\/38\/revisions"}],"predecessor-version":[{"id":3516,"href":"https:\/\/edificiobrown.com.ar\/en\/wp-json\/wp\/v2\/pages\/38\/revisions\/3516"}],"wp:attachment":[{"href":"https:\/\/edificiobrown.com.ar\/en\/wp-json\/wp\/v2\/media?parent=38"}],"curies":[{"name":"wp","href":"https:\/\/api.w.org\/{rel}","templated":true}]}}